{"id":2,"date":"2016-05-10T03:48:21","date_gmt":"2016-05-10T03:48:21","guid":{"rendered":"http:\/\/fclehre.de\/?page_id=2"},"modified":"2019-06-12T10:23:35","modified_gmt":"2019-06-12T10:23:35","slug":"sample-page","status":"publish","type":"page","link":"https:\/\/fclehre.de\/?page_id=2","title":{"rendered":"Unsere Geschichte"},"content":{"rendered":"<p>Der FC Lehre entstand zun\u00e4chst als reiner Sportverein im Jahr 1978. Ca 30 Jahre lang diente dieser Verein verschiedensten Menschen in und um den Ort Lehre als Bet\u00e4tigungsfeld ihrer Sportlichen Interessen.<\/p>\n<p>Um das Jahr 2000 herum bestand der Verein dann allerdings fast ausschlie\u00dflich nur noch aus einer Fu\u00dfballsparte die darum ringen musste eine Komplette Mannschaft&nbsp; zu jedem Spieltag zusammen zu bekommen.&nbsp; Hier konnten dann zunehmend Spieler gewonnen werden, die aus der christlichen Therapieeinrichtung \u201eProjekt Kaffeetwete\u201c kamen und dort eine Drogentherapie absolvierten oder bereits absolviert hatten.&nbsp; Die Entwicklung nahm ihren Lauf und so bestand letztlich der Gesamte Verein und die Mannschaft fast ausschlie\u00dflich aus Leuten von der Kaffeetwete oder aus dessen Umfeld. Aber auch diese Entwicklung endete nach einigen Jahren (ca. 2006) und der Spielbetrieb musste eingestellt werden.<\/p>\n<p>Der Verein wurde dann von einigen wenigen aus der Nachsorgearbeit der Drogentherapie genutzt um als Verein Wohnungen anzumieten in denen Ehemals Drogenabh\u00e4ngige in Gemeinschaft leben k\u00f6nnten. Die Satzung wurde entsprechend dem neuen Zweck umgeschrieben.<\/p>\n<p>Hier Ausz\u00fcge aus dem damaligen Flyer des FC:<\/p>\n<p>\u201eDer FC Lehre e.V. hat es sich seit September 2008 zur Aufgabe gemacht. Eine gesunde christliche Gemeinschaft aufzubauen, die es allen interessierten Menschen erm\u00f6glicht Jesus Christus n\u00e4her kennen zu lernen. Unter anderem bieten wir hilfsbed\u00fcrftigen Menschen die M\u00f6glichkeit in unserem Haus auf der G\u00fcnne 25 Wohnraum anzumieten und so in Gemeinschaft zu leben. Der Verein ist als gemeinn\u00fctzig&nbsp;&nbsp; und mildt\u00e4tig anerkannt. Grundlage unserer Arbeit, ist die Erf\u00fcllung des christlichen Gebots aus der Bibel, \u201eGott und den N\u00e4chsten und sich selbst zu lieben\u201c. Praktisch hei\u00dft das in unserer Arbeit, jeden so anzunehmen wie er ist.\u201c<\/p>\n<p>\u201eSeit Februar 2009 finden in unseren R\u00e4umen regelm\u00e4\u00dfig Gottesdienste statt, zu denen jeder eingeladen ist, um mehr \u00fcber das Wort Gottes zu erfahren und eine gute Gemeinschaft zu erleben.&nbsp; Im Anschluss an den Gottesdienst ist dann auch immer f\u00fcr das leibliche Wohl gesorgt\u201c.<\/p>\n<p>Als die R\u00e4umlichkeiten f\u00fcr einen Gottesdienst im Wohnzimmer langsam zu klein wurden ergab es sich das sehr geeignete R\u00e4umlichkeiten in der Eitelbrotstr. 2 in Lehre gefunden wurden. Hier findet nun der Gottesdienst seit 2014 statt.<\/p>\n","protected":false},"excerpt":{"rendered":"<p>Der FC Lehre entstand zun\u00e4chst als reiner Sportverein im Jahr 1978. Ca 30 Jahre lang diente dieser Verein verschiedensten Menschen in und um den Ort Lehre als Bet\u00e4tigungsfeld ihrer Sportlichen Interessen. Um das Jahr 2000 herum bestand der Verein dann allerdings fast ausschlie\u00dflich nur noch aus einer Fu\u00dfballsparte die darum ringen musste eine Komplette Mannschaft&nbsp;&hellip;&nbsp;<a href=\"https:\/\/fclehre.de\/?page_id=2\" class=\"\" rel=\"bookmark\">Weiterlesen &raquo;<span class=\"screen-reader-text\">Unsere Geschichte<\/span><\/a><\/p>\n","protected":false},"author":1,"featured_media":658,"parent":0,"menu_order":0,"comment_status":"closed","ping_status":"open","template":"","meta":{"_themeisle_gutenberg_block_has_review":false,"footnotes":""},"_links":{"self":[{"href":"https:\/\/fclehre.de\/index.php?rest_route=\/wp\/v2\/pages\/2"}],"collection":[{"href":"https:\/\/fclehre.de\/index.php?rest_route=\/wp\/v2\/pages"}],"about":[{"href":"https:\/\/fclehre.de\/index.php?rest_route=\/wp\/v2\/types\/page"}],"author":[{"embeddable":true,"href":"https:\/\/fclehre.de\/index.php?rest_route=\/wp\/v2\/users\/1"}],"replies":[{"embeddable":true,"href":"https:\/\/fclehre.de\/index.php?rest_route=%2Fwp%2Fv2%2Fcomments&post=2"}],"version-history":[{"count":4,"href":"https:\/\/fclehre.de\/index.php?rest_route=\/wp\/v2\/pages\/2\/revisions"}],"predecessor-version":[{"id":674,"href":"https:\/\/fclehre.de\/index.php?rest_route=\/wp\/v2\/pages\/2\/revisions\/674"}],"wp:featuredmedia":[{"embeddable":true,"href":"https:\/\/fclehre.de\/index.php?rest_route=\/wp\/v2\/media\/658"}],"wp:attachment":[{"href":"https:\/\/fclehre.de\/index.php?rest_route=%2Fwp%2Fv2%2Fmedia&parent=2"}],"curies":[{"name":"wp","href":"https:\/\/api.w.org\/{rel}","templated":true}]}}